{"id":80,"date":"2016-08-18T13:06:57","date_gmt":"2016-08-18T18:06:57","guid":{"rendered":"http:\/\/www.cucolosio.edu.mx\/?page_id=80"},"modified":"2016-08-18T13:06:57","modified_gmt":"2016-08-18T18:06:57","slug":"contacto","status":"publish","type":"page","link":"https:\/\/www.cucolosio.edu.mx\/blog\/contacto\/","title":{"rendered":"Contacto"},"content":{"rendered":"<h2>Direcci\u00f3n<\/h2>\n<p>Km 2.0 Carr. A Tehuac\u00e1n Huajuapan de Le\u00f3n, Oax.<\/p>\n<p>Tel\u00e9fonos:<br \/>\n<i class=\"fa fa-phone\" ><\/i> (953) 530 0976<br \/>\nWhastapp:<br \/>\n<i class=\"fa fa-whatsapp\" style=\"color:green\" ><\/i> (953) 125 2969<\/p>\n<p>Horarios de Atenci\u00f3n: 09:00 a 14:00 y 16:00 a 19:30<\/p>\n<h3>Directorio Email<\/h3>\n<p>informes@cucolosio.edu.mx<\/p>\n<h3>Licenciaturas<\/h3>\n<p>mkt@cucolosio.edu.mx<br \/>\norse@cucolosio.edu.mx<br \/>\nderecho@cucolosio.edu.mx<br \/>\ncontaduria@cucolosio.edu.mx<br \/>\nintersemestral@cucolosio.edu.mx<\/p>\n<h3>Administraci\u00f3n<\/h3>\n<p>bachillerato@cucolosio.edu.mx<br \/>\ncontrolescolar@cucolosio.edu.mx<br \/>\nsadministrativo@cucolosio.edu.mx<br \/>\nsistemas@cucolosio.edu.mx<\/p>\n<p><a href=\"http:\/\/www.cucolosio.edu.mx\/blog\/wp-content\/uploads\/2016\/08\/mapa.jpg\"><img decoding=\"async\" loading=\"lazy\" src=\"http:\/\/www.cucolosio.edu.mx\/blog\/wp-content\/uploads\/2016\/08\/mapa-340x271.jpg\" alt=\"mapa\" width=\"340\" height=\"271\" class=\"aligncenter size-medium wp-image-109\" \/><\/a><\/p>\n","protected":false},"excerpt":{"rendered":"<p>Direcci\u00f3n Km 2.0 Carr. A Tehuac\u00e1n Huajuapan de Le\u00f3n, Oax. Tel\u00e9fonos: (953) 530 0976 Whastapp: (953) 125 2969 Horarios de Atenci\u00f3n: 09:00 a 14:00 y 16:00 a 19:30 Directorio Email informes@cucolosio.edu.mx Licenciaturas mkt@cucolosio.edu.mx orse@cucolosio.edu.mx derecho@cucolosio.edu.mx contaduria@cucolosio.edu.mx intersemestral@cucolosio.edu.mx Administraci\u00f3n bachillerato@cucolosio.edu.mx controlescolar@cucolosio.edu.mx sadministrativo@cucolosio.edu.mx sistemas@cucolosio.edu.mx<\/p>\n","protected":false},"author":1,"featured_media":109,"parent":0,"menu_order":0,"comment_status":"closed","ping_status":"closed","template":"","meta":{"_coblocks_attr":"","_coblocks_dimensions":"","_coblocks_responsive_height":"","_coblocks_accordion_ie_support":""},"_links":{"self":[{"href":"https:\/\/www.cucolosio.edu.mx\/blog\/wp-json\/wp\/v2\/pages\/80"}],"collection":[{"href":"https:\/\/www.cucolosio.edu.mx\/blog\/wp-json\/wp\/v2\/pages"}],"about":[{"href":"https:\/\/www.cucolosio.edu.mx\/blog\/wp-json\/wp\/v2\/types\/page"}],"author":[{"embeddable":true,"href":"https:\/\/www.cucolosio.edu.mx\/blog\/wp-json\/wp\/v2\/users\/1"}],"replies":[{"embeddable":true,"href":"https:\/\/www.cucolosio.edu.mx\/blog\/wp-json\/wp\/v2\/comments?post=80"}],"version-history":[{"count":0,"href":"https:\/\/www.cucolosio.edu.mx\/blog\/wp-json\/wp\/v2\/pages\/80\/revisions"}],"wp:featuredmedia":[{"embeddable":true,"href":"https:\/\/www.cucolosio.edu.mx\/blog\/wp-json\/wp\/v2\/media\/109"}],"wp:attachment":[{"href":"https:\/\/www.cucolosio.edu.mx\/blog\/wp-json\/wp\/v2\/media?parent=80"}],"curies":[{"name":"wp","href":"https:\/\/api.w.org\/{rel}","templated":true}]}}