{"id":1274,"date":"2016-08-16T22:40:36","date_gmt":"2016-08-17T03:40:36","guid":{"rendered":"http:\/\/www.cucolosio.edu.mx\/?page_id=2"},"modified":"2019-11-26T13:52:48","modified_gmt":"2019-11-26T19:52:48","slug":"culdcm","status":"publish","type":"page","link":"https:\/\/www.cucolosio.edu.mx\/blog\/culdcm\/","title":{"rendered":"CULDCM"},"content":{"rendered":"<p><a href=\"http:\/\/www.cucolosio.edu.mx\/blog\/wp-content\/uploads\/2016\/08\/culdcm-medium.png\"><img decoding=\"async\" loading=\"lazy\" class=\"size-medium wp-image-56 alignleft\" src=\"http:\/\/www.cucolosio.edu.mx\/blog\/wp-content\/uploads\/2016\/08\/culdcm-medium.png\" alt=\"culdcm medium\" width=\"214\" height=\"300\" srcset=\"https:\/\/www.cucolosio.edu.mx\/blog\/wp-content\/uploads\/2016\/08\/culdcm-medium.png 906w, https:\/\/www.cucolosio.edu.mx\/blog\/wp-content\/uploads\/2016\/08\/culdcm-medium-214x300.png 214w, https:\/\/www.cucolosio.edu.mx\/blog\/wp-content\/uploads\/2016\/08\/culdcm-medium-729x1024.png 729w, https:\/\/www.cucolosio.edu.mx\/blog\/wp-content\/uploads\/2016\/08\/culdcm-medium-768x1078.png 768w\" sizes=\"(max-width: 214px) 100vw, 214px\" \/><\/a><\/p>\n<figure id=\"attachment_355\" aria-describedby=\"caption-attachment-355\" style=\"width: 300px\" class=\"wp-caption alignright\"><a href=\"http:\/\/www.cucolosio.edu.mx\/blog\/wp-content\/uploads\/2016\/08\/organigrama-gral.jpg\"><img decoding=\"async\" loading=\"lazy\" class=\"size-medium wp-image-355\" src=\"http:\/\/www.cucolosio.edu.mx\/blog\/wp-content\/uploads\/2016\/08\/organigrama-gral.jpg\" alt=\"Organigrama General\" width=\"300\" height=\"157\" srcset=\"https:\/\/www.cucolosio.edu.mx\/blog\/wp-content\/uploads\/2016\/08\/organigrama-gral.jpg 1148w, https:\/\/www.cucolosio.edu.mx\/blog\/wp-content\/uploads\/2016\/08\/organigrama-gral-300x157.jpg 300w, https:\/\/www.cucolosio.edu.mx\/blog\/wp-content\/uploads\/2016\/08\/organigrama-gral-1024x534.jpg 1024w, https:\/\/www.cucolosio.edu.mx\/blog\/wp-content\/uploads\/2016\/08\/organigrama-gral-768x401.jpg 768w\" sizes=\"(max-width: 300px) 100vw, 300px\" \/><\/a><figcaption id=\"caption-attachment-355\" class=\"wp-caption-text\">Organigrama General<\/figcaption><\/figure>\n<div style=\"clear: both;\"><\/div>\n<p>&nbsp;<\/p>\n<div class=\"symple-column symple-one-third symple-column-first  \"><a href=\"http:\/\/www.cucolosio.edu.mx\/culdcm\"><img loading=\"lazy\" class=\"size-medium wp-image-50 aligncenter\" src=\"http:\/\/www.cucolosio.edu.mx\/blog\/wp-content\/uploads\/2016\/08\/TEO0003.jpg\" alt=\"\" width=\"340\" height=\"192\" \/><\/a><\/p>\n<header class=\"feature-entry-header clr\">\n<h2 class=\"feature-entry-title\" style=\"text-align: center\">Misi\u00f3n<\/h2>\n<\/header>\n<div class=\"feature-entry-content entry clr\">\n<p style=\"text-align: center\">somos una instituci\u00f3n educativa basada en principios y valores \u00e9ticos, formadora de personas competentes en la generaci\u00f3n de acciones que mejoren su calidad de vida y a su vez contribuyan a transformar su entorno social.<\/p>\n<\/div>\n<\/div><div class=\"symple-column symple-one-third symple-column-middle  \"><a href=\"http:\/\/www.cucolosio.edu.mx\/culdcm\"><img loading=\"lazy\" class=\"size-medium wp-image-49 aligncenter\" src=\"http:\/\/www.cucolosio.edu.mx\/blog\/wp-content\/uploads\/2016\/08\/TEO0005-340x192.jpg\" alt=\"\" width=\"340\" height=\"192\" \/><\/a><\/p>\n<header class=\"feature-entry-header clr\">\n<h2 class=\"feature-entry-title\" style=\"text-align: center\">Visi\u00f3n<\/h2>\n<\/header>\n<div class=\"feature-entry-content entry clr\">\n<p style=\"text-align: center\">Ser una instituci\u00f3n educativa reconocida por su metodolog\u00eda de ense\u00f1anza y formaci\u00f3n de personas INTEGRAS.<\/p>\n<\/div>\n<\/div><div class=\"symple-column symple-one-third symple-column-last  \"><a href=\"http:\/\/www.cucolosio.edu.mx\/culdcm\"><img loading=\"lazy\" class=\"size-medium wp-image-48 aligncenter\" src=\"http:\/\/www.cucolosio.edu.mx\/blog\/wp-content\/uploads\/2016\/08\/TEO0007-340x192.jpg\" alt=\"\" width=\"340\" height=\"192\" \/><\/a><\/p>\n<header class=\"feature-entry-header clr\">\n<h2 class=\"feature-entry-title\" style=\"text-align: center\">Valores<\/h2>\n<\/header>\n<div class=\"feature-entry-content entry clr\">\n<p style=\"text-align: center\">Respeto, responsabilidad, justicia, honestidad, Y Amor.<\/p>\n<\/div>\n<\/div><div class=\"symple-clear-floats\"><\/div>\n<p>&nbsp;<\/p>\n<div class=\"symple-box yellow center\" style=\"text-align:left;width: 100%;\">\n<h2 class=\"feature-entry-title\" style=\"text-align: center\">Opciones de Titulaci\u00f3n<\/h2>\n<p>El Centro Universitario Luis Donaldo Colosio Murrieta ofrece a \u00a0sus egresados\u00a0cinco opciones de titulaci\u00f3n autorizadas por la Direcci\u00f3n General de Profesiones, las cuales son:<\/p>\n<ol>\n<li>Tesis.<\/li>\n<li>Titulaci\u00f3n Autom\u00e1tica Por Promedio.<\/li>\n<li>Titulaci\u00f3n Por Acreditaci\u00f3n del Postgrado.<\/li>\n<li>Experiencia Laboral De Un Caso Espec\u00edfico.<\/li>\n<li>Examen General de Conocimientos.<\/li>\n<\/ol>\n<p><a href=\"http:\/\/www.cucolosio.edu.mx\/academica\/opciones-de-titulacion-802\">Leer informaci\u00f3n completa.<\/a><\/div>\n<p>&nbsp;<\/p>\n<h2 class=\"feature-entry-title\" style=\"text-align: center;\"><a href=\"http:\/\/www.cucolosio.edu.mx\/category\/egresados\">Egresados<\/a><\/h2>\n\r\n\t\t<script type=\"text\/javascript\">\r\n\t\t\tjQuery(function($){\r\n\t\t\t\tif ( $.fn.carouFredSel!=undefined ){\r\n\t\t\t\t\t$( \"#caroufredsel-2160\" ).carouFredSel({\r\n\t\t\t\t\t\tresponsive : true,\r\n\t\t\t\t\t\theight     : \"variable\",\r\n\t\t\t\t\t\twidth      : \"100%\",\r\n\t\t\t\t\t\tauto       : {\r\n\t\t\t\t\t\t\tplay            : true,\r\n\t\t\t\t\t\t\ttimeoutDuration : 5000\r\n\t\t\t\t\t\t},\r\n\t\t\t\t\t\tswipe      : {\r\n\t\t\t\t\t\t\tonTouch : true,\r\n\t\t\t\t\t\t\tonMouse : true\r\n\t\t\t\t\t\t},prev : \"#prev-2160\",next : \"#next-2160\",pagination : \"#pager-2160\",items : {\r\n\t\t\t\t\t\t\twidth : 300,\r\n\t\t\t\t\t\t\theight: \"variable\",\r\n\t\t\t\t\t\t\tvisible : {\r\n\t\t\t\t\t\t\t\tmin : 1,\r\n\t\t\t\t\t\t\t\tmax : 3\r\n\t\t\t\t\t\t\t}\r\n\t\t\t\t\t\t}\r\n\t\t\t\t\t} );\r\n\t\t\t\t}\r\n\t\t\t\t$( \"#caroufredsel-2160\" ).imagesLoaded( function() {\r\n\t\t\t\t\t$( \".caroufredsel-2160-wrap\" ).css( {\r\n\t\t\t\t\t\theight   : \"auto\",\r\n\t\t\t\t\t\toverflow : \"visible\",\r\n\t\t\t\t\t\topacity  : \"1\"\r\n\t\t\t\t\t} );\r\n\t\t\t\t\t$( \"#caroufredsel-2160\" ).trigger( \"updateSizes\" );\r\n\t\t\t\t} );\r\n\t\t\t} );\r\n\t\t<\/script><div class=\"symple-caroufredsel-wrap symple-clearfix post-type-post caroufredsel-2160-wrap\"><div class=\"symple-caroufredsel-pag-wrap\"><div id=\"pager-2160\" class=\"symple-caroufredsel-pag\"><\/div><\/div><div class=\"symple-caroufredsel\"><ul id=\"caroufredsel-2160\"><li class=\"symple-caroufredsel-slide\"><div class=\"symple-caroufredsel-entry-media\"><a href=\"https:\/\/www.cucolosio.edu.mx\/blog\/lic-jorge-jesus-osio-mendez\/\" title=\"Lic. Jorge Jes\u00fas Osio Mendez\" class=\"symple-caroufredsel-entry-img\"><img src=\"\" alt=\"Lic. Jorge Jes\u00fas Osio Mendez\" \/><\/a><div class=\"symple-caroufredsel-entry-title\"><a href=\"https:\/\/www.cucolosio.edu.mx\/blog\/lic-jorge-jesus-osio-mendez\/\" title=\"Lic. Jorge Jes\u00fas Osio Mendez\">Lic. Jorge Jes\u00fas Osio Mendez<\/a><\/div><\/div><\/li><li class=\"symple-caroufredsel-slide\"><div class=\"symple-caroufredsel-entry-media\"><a href=\"https:\/\/www.cucolosio.edu.mx\/blog\/lic-jorge-cisneros-rodriguez\/\" title=\"Lic. Jorge Cisneros Rodr\u00edguez\" class=\"symple-caroufredsel-entry-img\"><img src=\"\" alt=\"Lic. Jorge Cisneros Rodr\u00edguez\" \/><\/a><div class=\"symple-caroufredsel-entry-title\"><a href=\"https:\/\/www.cucolosio.edu.mx\/blog\/lic-jorge-cisneros-rodriguez\/\" title=\"Lic. Jorge Cisneros Rodr\u00edguez\">Lic. Jorge Cisneros Rodr\u00edguez<\/a><\/div><\/div><\/li><li class=\"symple-caroufredsel-slide\"><div class=\"symple-caroufredsel-entry-media\"><a href=\"https:\/\/www.cucolosio.edu.mx\/blog\/lic-irma-hernandez-hernandez\/\" title=\"Lic. Irma Hernandez Hernandez\" class=\"symple-caroufredsel-entry-img\"><img src=\"\" alt=\"Lic. Irma Hernandez Hernandez\" \/><\/a><div class=\"symple-caroufredsel-entry-title\"><a href=\"https:\/\/www.cucolosio.edu.mx\/blog\/lic-irma-hernandez-hernandez\/\" title=\"Lic. Irma Hernandez Hernandez\">Lic. Irma Hernandez Hernandez<\/a><\/div><\/div><\/li><li class=\"symple-caroufredsel-slide\"><div class=\"symple-caroufredsel-entry-media\"><a href=\"https:\/\/www.cucolosio.edu.mx\/blog\/lic-gamaliel-rojas-jimenez\/\" title=\"Lic. Gamaliel Rojas Jimenez\" class=\"symple-caroufredsel-entry-img\"><img src=\"\" alt=\"Lic. Gamaliel Rojas Jimenez\" \/><\/a><div class=\"symple-caroufredsel-entry-title\"><a href=\"https:\/\/www.cucolosio.edu.mx\/blog\/lic-gamaliel-rojas-jimenez\/\" title=\"Lic. Gamaliel Rojas Jimenez\">Lic. Gamaliel Rojas Jimenez<\/a><\/div><\/div><\/li><li class=\"symple-caroufredsel-slide\"><div class=\"symple-caroufredsel-entry-media\"><a href=\"https:\/\/www.cucolosio.edu.mx\/blog\/mtra-itzel-sanchez-garcia\/\" title=\"Mtra. Itzel Sanchez Garcia\" class=\"symple-caroufredsel-entry-img\"><img src=\"\" alt=\"Mtra. Itzel Sanchez Garcia\" \/><\/a><div class=\"symple-caroufredsel-entry-title\"><a href=\"https:\/\/www.cucolosio.edu.mx\/blog\/mtra-itzel-sanchez-garcia\/\" title=\"Mtra. Itzel Sanchez Garcia\">Mtra. Itzel Sanchez Garcia<\/a><\/div><\/div><\/li><li class=\"symple-caroufredsel-slide\"><div class=\"symple-caroufredsel-entry-media\"><a href=\"https:\/\/www.cucolosio.edu.mx\/blog\/mtra-guadalupe-reyes-hernandez\/\" title=\"Mtra. Guadalupe Reyes Hernandez\" class=\"symple-caroufredsel-entry-img\"><img src=\"\" alt=\"Mtra. Guadalupe Reyes Hernandez\" \/><\/a><div class=\"symple-caroufredsel-entry-title\"><a href=\"https:\/\/www.cucolosio.edu.mx\/blog\/mtra-guadalupe-reyes-hernandez\/\" title=\"Mtra. Guadalupe Reyes Hernandez\">Mtra. Guadalupe Reyes Hernandez<\/a><\/div><\/div><\/li><li class=\"symple-caroufredsel-slide\"><div class=\"symple-caroufredsel-entry-media\"><a href=\"https:\/\/www.cucolosio.edu.mx\/blog\/lic-yareli-citlalic-lopez-sanchez\/\" title=\"Lic. Yareli Citlalic Lopez Sanchez\" class=\"symple-caroufredsel-entry-img\"><img src=\"\" alt=\"Lic. Yareli Citlalic Lopez Sanchez\" \/><\/a><div class=\"symple-caroufredsel-entry-title\"><a href=\"https:\/\/www.cucolosio.edu.mx\/blog\/lic-yareli-citlalic-lopez-sanchez\/\" title=\"Lic. Yareli Citlalic Lopez Sanchez\">Lic. Yareli Citlalic Lopez Sanchez<\/a><\/div><\/div><\/li><li class=\"symple-caroufredsel-slide\"><div class=\"symple-caroufredsel-entry-media\"><a href=\"https:\/\/www.cucolosio.edu.mx\/blog\/lic-luis-enrique-gonzalez-cortes\/\" title=\"Lic. Luis Enrique Gonzalez Cortes\" class=\"symple-caroufredsel-entry-img\"><img src=\"\" alt=\"Lic. Luis Enrique Gonzalez Cortes\" \/><\/a><div class=\"symple-caroufredsel-entry-title\"><a href=\"https:\/\/www.cucolosio.edu.mx\/blog\/lic-luis-enrique-gonzalez-cortes\/\" title=\"Lic. Luis Enrique Gonzalez Cortes\">Lic. Luis Enrique Gonzalez Cortes<\/a><\/div><\/div><\/li><li class=\"symple-caroufredsel-slide\"><div class=\"symple-caroufredsel-entry-media\"><a href=\"https:\/\/www.cucolosio.edu.mx\/blog\/lic-angelica-mendoza-vasquez\/\" title=\"Lic. Angelica Mendoza Vasquez\" class=\"symple-caroufredsel-entry-img\"><img src=\"\" alt=\"Lic. Angelica Mendoza Vasquez\" \/><\/a><div class=\"symple-caroufredsel-entry-title\"><a href=\"https:\/\/www.cucolosio.edu.mx\/blog\/lic-angelica-mendoza-vasquez\/\" title=\"Lic. Angelica Mendoza Vasquez\">Lic. Angelica Mendoza Vasquez<\/a><\/div><\/div><\/li><li class=\"symple-caroufredsel-slide\"><div class=\"symple-caroufredsel-entry-media\"><a href=\"https:\/\/www.cucolosio.edu.mx\/blog\/mtra-itzel-yessamin-corro-chavez\/\" title=\"Mtra. Itzel Yessamin Corro Chavez\" class=\"symple-caroufredsel-entry-img\"><img src=\"\" alt=\"Mtra. Itzel Yessamin Corro Chavez\" \/><\/a><div class=\"symple-caroufredsel-entry-title\"><a href=\"https:\/\/www.cucolosio.edu.mx\/blog\/mtra-itzel-yessamin-corro-chavez\/\" title=\"Mtra. Itzel Yessamin Corro Chavez\">Mtra. Itzel Yessamin Corro Chavez<\/a><\/div><\/div><\/li><li class=\"symple-caroufredsel-slide\"><div class=\"symple-caroufredsel-entry-media\"><a href=\"https:\/\/www.cucolosio.edu.mx\/blog\/lic-tania-betanzos-martinez\/\" title=\"Lic. Tania betanzos Martinez\" class=\"symple-caroufredsel-entry-img\"><img src=\"\" alt=\"Lic. Tania betanzos Martinez\" \/><\/a><div class=\"symple-caroufredsel-entry-title\"><a href=\"https:\/\/www.cucolosio.edu.mx\/blog\/lic-tania-betanzos-martinez\/\" title=\"Lic. Tania betanzos Martinez\">Lic. Tania betanzos Martinez<\/a><\/div><\/div><\/li><li class=\"symple-caroufredsel-slide\"><div class=\"symple-caroufredsel-entry-media\"><a href=\"https:\/\/www.cucolosio.edu.mx\/blog\/lic-juan-carlos-larios-vazquez\/\" title=\"Lic. Juan Carlos Larios Vazquez\" class=\"symple-caroufredsel-entry-img\"><img src=\"\" alt=\"Lic. Juan Carlos Larios Vazquez\" \/><\/a><div class=\"symple-caroufredsel-entry-title\"><a href=\"https:\/\/www.cucolosio.edu.mx\/blog\/lic-juan-carlos-larios-vazquez\/\" title=\"Lic. Juan Carlos Larios Vazquez\">Lic. Juan Carlos Larios Vazquez<\/a><\/div><\/div><\/li><\/ul><div id=\"prev-2160\" class=\"symple-caroufredsel-prev\">Prev<\/div><div id=\"next-2160\" class=\"symple-caroufredsel-next\">Next<\/div><\/div><\/div>\n<div class=\"symple-accordion \">\n<h3 class=\"symple-accordion-trigger \"><a href=\"#\">ORIGEN<\/a><\/h3><div class=\"symple-clearfix\"> El Centro Universitario Luis Donaldo Colosio Murrieta\u00a0es creado para ofrecer a los j\u00f3venes una educaci\u00f3n superior ante la carencia econ\u00f3mica y la migraci\u00f3n que hacen los estudiantes egresados de bachillerato a otros Estados o el pa\u00eds vecino del norte. Se imparte una educaci\u00f3n integral human\u00edstica y con visi\u00f3n del futuro, que ha amagado hasta la fecha a cientos de egresados que se encuentran repartidos en toda la rep\u00fablica llevando los valores, ideales y conocimientos impartidos por esta instituci\u00f3n.<\/div>\n<h3 class=\"symple-accordion-trigger \"><a href=\"#\">MISI\u00d3N<\/a><\/h3><div class=\"symple-clearfix\">Somos una instituci\u00f3n educativa basada en principios y valores \u00e9ticos, formadora de personas competentes en la generaci\u00f3n de acciones que mejoren su calidad de vida y a su vez contribuyan a transformar su entorno social. <\/div>\n<h3 class=\"symple-accordion-trigger \"><a href=\"#\">VISI\u00d3N<\/a><\/h3><div class=\"symple-clearfix\">Ser una instituci\u00f3n educativa reconocida por su metodolog\u00eda de ense\u00f1anza y formaci\u00f3n de personas INTEGRAS.<\/div>\n<h3 class=\"symple-accordion-trigger \"><a href=\"#\">VALORES<\/a><\/h3><div class=\"symple-clearfix\"> Respeto, responsabilidad, justicia, honestidad, Y Amor. <\/div>\n<h3 class=\"symple-accordion-trigger \"><a href=\"#\">\u00c1REA PEDAG\u00d3GICA<\/a><\/h3><div class=\"symple-clearfix\"> Aunque se enfoca de manera tradicional tiene fundamentos sociales y econ\u00f3micos que nos permiten englobar todos los niveles de ense\u00f1anza en un contexto de globalizaci\u00f3n econ\u00f3mica y al mismo tiempo respetar la interrelaci\u00f3n con el sistema educativo nacional acorde con los derechos humanos. La educaci\u00f3n es personalizada en donde el profesor es un gu\u00eda y los alumnos resuelven sus problemas con la ayuda del maestro, todos ellos capacitados en cada \u00e1rea del conocimiento para lograr una excelente ense\u00f1anza que les permita a los alumnos resolver problemas concretos a los que se enfrenten.\u00a0<\/div>\n<h3 class=\"symple-accordion-trigger \"><a href=\"#\">IDEARIO<\/a><\/h3><div class=\"symple-clearfix\">\n<ul>\n<li>El CULDCM es altamente reconocido por su modelo educativo.<\/li>\n<li>Se imparte educaci\u00f3n personalizada y de valores acordes a las necesidades existentes.<\/li>\n<li>La formaci\u00f3n de opiniones propias que puedan expresarlas en forma oral y escrita.<\/li>\n<li>La formaci\u00f3n de l\u00edderes con capacidad de enfrentarse a retos de una sociedad cambiante.<\/li>\n<li>Formar individuos que contribuyan al desarrollo y fortalecimiento de su entorno.<\/li>\n<li>Promover acciones tendientes a educar para servir haciendo \u00e9nfasis en los valores sociales.<\/li>\n<li>Abrir espacios a j\u00f3venes que les han sido negadas oportunidades para estudiar.<\/li>\n<li>Evitar la frustraci\u00f3n de los j\u00f3venes e impulsarlos a una nueva esperanza educativa.<\/li>\n<li>Planear y organizar de una educaci\u00f3n integral como una respuesta al proyecto de educar para servir.<\/li>\n<li>Alcanzar la excelencia acad\u00e9mica dentro del desarrollo integral del personal docente y administrativo.<\/li>\n<li>Respetar \u00edntegramente las diferencias creencias pol\u00edticas y religiosas.<\/li>\n<\/ul>\n<\/div><h3 class=\"symple-accordion-trigger \"><a href=\"#\">OFERTA EDUCATIVA<\/a><\/h3><div class=\"symple-clearfix\">\n<ul>\n<li>Infraestructura moderna y funcional.<\/li>\n<li>Biblioteca actualizada.<\/li>\n<li>Programas regulares.<\/li>\n<li>Becas y descuentos para alumnos for\u00e1neos.<\/li>\n<li>Actividades extracurriculares acad\u00e9micas, c\u00edvicas y culturales.<\/li>\n<li>Cinco diferentes formas de titulaci\u00f3n.<\/li>\n<li>Certificado de bachillerato de validez oficial en toda la Rep\u00fablica Mexicana.<\/li>\n<li>Apoyo para ingresar a pr\u00e1cticas y dentro de trabajo.<\/li>\n<li>Formaci\u00f3n personalizada y de valores.<\/li>\n<li>Profesorado profesional y altamente calificado.<\/li>\n<li>Laboratorio de inform\u00e1tica.<\/div><\/li>\n<\/ul>\n<h3 class=\"symple-accordion-trigger \"><a href=\"#\">ESCUDOS<\/a><\/h3><div class=\"symple-clearfix\">\n<div id='gallery-1' class='gallery galleryid-1274 gallery-columns-2 gallery-size-medium'><figure class='gallery-item'>\n\t\t\t<div class='gallery-icon portrait'>\n\t\t\t\t<a href='https:\/\/www.cucolosio.edu.mx\/blog\/wp-content\/uploads\/2016\/08\/escudo-prepa-scaled.png'><img width=\"214\" height=\"300\" src=\"https:\/\/www.cucolosio.edu.mx\/blog\/wp-content\/uploads\/2016\/08\/escudo-prepa-214x300.png\" class=\"attachment-medium size-medium\" alt=\"\" decoding=\"async\" loading=\"lazy\" aria-describedby=\"gallery-1-74\" srcset=\"https:\/\/www.cucolosio.edu.mx\/blog\/wp-content\/uploads\/2016\/08\/escudo-prepa-214x300.png 214w, https:\/\/www.cucolosio.edu.mx\/blog\/wp-content\/uploads\/2016\/08\/escudo-prepa-729x1024.png 729w, https:\/\/www.cucolosio.edu.mx\/blog\/wp-content\/uploads\/2016\/08\/escudo-prepa-768x1078.png 768w, https:\/\/www.cucolosio.edu.mx\/blog\/wp-content\/uploads\/2016\/08\/escudo-prepa-1094x1536.png 1094w, https:\/\/www.cucolosio.edu.mx\/blog\/wp-content\/uploads\/2016\/08\/escudo-prepa-1459x2048.png 1459w, https:\/\/www.cucolosio.edu.mx\/blog\/wp-content\/uploads\/2016\/08\/escudo-prepa-scaled.png 1823w\" sizes=\"(max-width: 214px) 100vw, 214px\" \/><\/a>\n\t\t\t<\/div>\n\t\t\t\t<figcaption class='wp-caption-text gallery-caption' id='gallery-1-74'>\n\t\t\t\tC.C.T. 20PBH3250F\n\t\t\t\t<\/figcaption><\/figure><figure class='gallery-item'>\n\t\t\t<div class='gallery-icon portrait'>\n\t\t\t\t<a href='https:\/\/www.cucolosio.edu.mx\/blog\/wp-content\/uploads\/2016\/08\/culdcm-medium.png'><img width=\"214\" height=\"300\" src=\"https:\/\/www.cucolosio.edu.mx\/blog\/wp-content\/uploads\/2016\/08\/culdcm-medium-214x300.png\" class=\"attachment-medium size-medium\" alt=\"\" decoding=\"async\" loading=\"lazy\" srcset=\"https:\/\/www.cucolosio.edu.mx\/blog\/wp-content\/uploads\/2016\/08\/culdcm-medium-214x300.png 214w, https:\/\/www.cucolosio.edu.mx\/blog\/wp-content\/uploads\/2016\/08\/culdcm-medium-729x1024.png 729w, https:\/\/www.cucolosio.edu.mx\/blog\/wp-content\/uploads\/2016\/08\/culdcm-medium-768x1078.png 768w, https:\/\/www.cucolosio.edu.mx\/blog\/wp-content\/uploads\/2016\/08\/culdcm-medium.png 906w\" sizes=\"(max-width: 214px) 100vw, 214px\" \/><\/a>\n\t\t\t<\/div><\/figure><figure class='gallery-item'>\n\t\t\t<div class='gallery-icon portrait'>\n\t\t\t\t<a href='https:\/\/www.cucolosio.edu.mx\/blog\/wp-content\/uploads\/2016\/08\/Logo-MKT.jpg'><img width=\"291\" height=\"300\" src=\"https:\/\/www.cucolosio.edu.mx\/blog\/wp-content\/uploads\/2016\/08\/Logo-MKT-291x300.jpg\" class=\"attachment-medium size-medium\" alt=\"\" decoding=\"async\" loading=\"lazy\" srcset=\"https:\/\/www.cucolosio.edu.mx\/blog\/wp-content\/uploads\/2016\/08\/Logo-MKT-291x300.jpg 291w, https:\/\/www.cucolosio.edu.mx\/blog\/wp-content\/uploads\/2016\/08\/Logo-MKT-994x1024.jpg 994w, https:\/\/www.cucolosio.edu.mx\/blog\/wp-content\/uploads\/2016\/08\/Logo-MKT-768x791.jpg 768w, https:\/\/www.cucolosio.edu.mx\/blog\/wp-content\/uploads\/2016\/08\/Logo-MKT-1490x1536.jpg 1490w, https:\/\/www.cucolosio.edu.mx\/blog\/wp-content\/uploads\/2016\/08\/Logo-MKT.jpg 1863w\" sizes=\"(max-width: 291px) 100vw, 291px\" \/><\/a>\n\t\t\t<\/div><\/figure><figure class='gallery-item'>\n\t\t\t<div class='gallery-icon portrait'>\n\t\t\t\t<a href='https:\/\/www.cucolosio.edu.mx\/blog\/wp-content\/uploads\/2016\/08\/derecho-scaled.png'><img width=\"248\" height=\"300\" src=\"https:\/\/www.cucolosio.edu.mx\/blog\/wp-content\/uploads\/2016\/08\/derecho-248x300.png\" class=\"attachment-medium size-medium\" alt=\"\" decoding=\"async\" loading=\"lazy\" srcset=\"https:\/\/www.cucolosio.edu.mx\/blog\/wp-content\/uploads\/2016\/08\/derecho-248x300.png 248w, https:\/\/www.cucolosio.edu.mx\/blog\/wp-content\/uploads\/2016\/08\/derecho-846x1024.png 846w, https:\/\/www.cucolosio.edu.mx\/blog\/wp-content\/uploads\/2016\/08\/derecho-768x929.png 768w, https:\/\/www.cucolosio.edu.mx\/blog\/wp-content\/uploads\/2016\/08\/derecho-1269x1536.png 1269w, https:\/\/www.cucolosio.edu.mx\/blog\/wp-content\/uploads\/2016\/08\/derecho-1692x2048.png 1692w\" sizes=\"(max-width: 248px) 100vw, 248px\" \/><\/a>\n\t\t\t<\/div><\/figure><figure class='gallery-item'>\n\t\t\t<div class='gallery-icon portrait'>\n\t\t\t\t<a href='https:\/\/www.cucolosio.edu.mx\/blog\/wp-content\/uploads\/2016\/08\/conta-2-scaled.jpg'><img width=\"242\" height=\"300\" src=\"https:\/\/www.cucolosio.edu.mx\/blog\/wp-content\/uploads\/2016\/08\/conta-2-242x300.jpg\" class=\"attachment-medium size-medium\" alt=\"\" decoding=\"async\" loading=\"lazy\" srcset=\"https:\/\/www.cucolosio.edu.mx\/blog\/wp-content\/uploads\/2016\/08\/conta-2-242x300.jpg 242w, https:\/\/www.cucolosio.edu.mx\/blog\/wp-content\/uploads\/2016\/08\/conta-2-825x1024.jpg 825w, https:\/\/www.cucolosio.edu.mx\/blog\/wp-content\/uploads\/2016\/08\/conta-2-768x953.jpg 768w, https:\/\/www.cucolosio.edu.mx\/blog\/wp-content\/uploads\/2016\/08\/conta-2-1238x1536.jpg 1238w, https:\/\/www.cucolosio.edu.mx\/blog\/wp-content\/uploads\/2016\/08\/conta-2-1651x2048.jpg 1651w\" sizes=\"(max-width: 242px) 100vw, 242px\" \/><\/a>\n\t\t\t<\/div><\/figure>\n\t\t<\/div>\n\n<\/div>\n<h3 class=\"symple-accordion-trigger \"><a href=\"#\">SACE<\/a><\/h3><div class=\"symple-clearfix\">Sistema de Administraci\u00f3n y Control Escolar\u00a0para la universidad, se necesita usuario y contrase\u00f1a.<\/p>\n<a href=\"http:\/\/sace.cucolosio.edu.mx\" class=\"symple-button medium red   \" target=\"_blank\"\" title=\"Visit Site\" style=\"border-radius:3px\" rel=\"nofollow\"><span class=\"symple-button-inner\" style=\"border-radius:3px\"><span class=\"symple-button-icon-left fa fa-home\"><\/span>Universidad<\/span><\/a><\/div>\n<\/div>\n","protected":false},"excerpt":{"rendered":"<p>&nbsp; &nbsp; &nbsp; Egresados<\/p>\n","protected":false},"author":1,"featured_media":56,"parent":0,"menu_order":0,"comment_status":"closed","ping_status":"closed","template":"","meta":{"_coblocks_attr":"","_coblocks_dimensions":"","_coblocks_responsive_height":"","_coblocks_accordion_ie_support":""},"_links":{"self":[{"href":"https:\/\/www.cucolosio.edu.mx\/blog\/wp-json\/wp\/v2\/pages\/1274"}],"collection":[{"href":"https:\/\/www.cucolosio.edu.mx\/blog\/wp-json\/wp\/v2\/pages"}],"about":[{"href":"https:\/\/www.cucolosio.edu.mx\/blog\/wp-json\/wp\/v2\/types\/page"}],"author":[{"embeddable":true,"href":"https:\/\/www.cucolosio.edu.mx\/blog\/wp-json\/wp\/v2\/users\/1"}],"replies":[{"embeddable":true,"href":"https:\/\/www.cucolosio.edu.mx\/blog\/wp-json\/wp\/v2\/comments?post=1274"}],"version-history":[{"count":3,"href":"https:\/\/www.cucolosio.edu.mx\/blog\/wp-json\/wp\/v2\/pages\/1274\/revisions"}],"predecessor-version":[{"id":1584,"href":"https:\/\/www.cucolosio.edu.mx\/blog\/wp-json\/wp\/v2\/pages\/1274\/revisions\/1584"}],"wp:featuredmedia":[{"embeddable":true,"href":"https:\/\/www.cucolosio.edu.mx\/blog\/wp-json\/wp\/v2\/media\/56"}],"wp:attachment":[{"href":"https:\/\/www.cucolosio.edu.mx\/blog\/wp-json\/wp\/v2\/media?parent=1274"}],"curies":[{"name":"wp","href":"https:\/\/api.w.org\/{rel}","templated":true}]}}